{"id":12,"date":"2017-05-26T08:21:43","date_gmt":"2017-05-26T08:21:43","guid":{"rendered":"http:\/\/monnaielocale-cep.org\/?page_id=12"},"modified":"2024-12-27T20:42:28","modified_gmt":"2024-12-27T20:42:28","slug":"le-cep-cest-parti-2","status":"publish","type":"page","link":"http:\/\/monnaielocale-cep.org\/","title":{"rendered":"Le CEP : Votre Monnaie"},"content":{"rendered":"\t\t<div data-elementor-type=\"wp-post\" data-elementor-id=\"12\" class=\"elementor elementor-12\">\n\t\t\t\t\t\t<section class=\"elementor-section elementor-top-section elementor-element elementor-element-2548c53f elementor-section-boxed elementor-section-height-default elementor-section-height-default\" data-id=\"2548c53f\" data-element_type=\"section\">\n\t\t\t\t\t\t<div class=\"elementor-container elementor-column-gap-default\">\n\t\t\t\t\t<div class=\"elementor-column elementor-col-100 elementor-top-column elementor-element elementor-element-3f9f7e33\" data-id=\"3f9f7e33\" data-element_type=\"column\">\n\t\t\t<div class=\"elementor-widget-wrap elementor-element-populated\">\n\t\t\t\t\t\t<section class=\"elementor-section elementor-inner-section elementor-element elementor-element-647afe2 elementor-section-boxed elementor-section-height-default elementor-section-height-default\" data-id=\"647afe2\" data-element_type=\"section\">\n\t\t\t\t\t\t<div class=\"elementor-container elementor-column-gap-default\">\n\t\t\t\t\t<div class=\"elementor-column elementor-col-50 elementor-inner-column elementor-element elementor-element-bdc16c5\" data-id=\"bdc16c5\" data-element_type=\"column\">\n\t\t\t<div class=\"elementor-widget-wrap elementor-element-populated\">\n\t\t\t\t\t\t<div class=\"elementor-element elementor-element-8d573b3 elementor-widget elementor-widget-text-editor\" data-id=\"8d573b3\" data-element_type=\"widget\" data-widget_type=\"text-editor.default\">\n\t\t\t\t<div class=\"elementor-widget-container\">\n\t\t\t\t\t\t\t\t\t<p><strong>Natur&rsquo;ailes<\/strong> vend sur les march\u00e9s des boissons ferment\u00e9s non alcoolis\u00e9es : K\u00e9firs de fruits <br \/>notamment sur le march\u00e9 de Cordes le samedi matin ; les CEPs sont accept\u00e9s.<\/p><p>Le <strong>Panier Naturel<\/strong> (boutique bio) a rouvert ses portes avec une nouvelle \u00e9quipe.<br \/>Dans le continuit\u00e9 les CEPs sont accept\u00e9s et le comptoir d&rsquo;\u00e9change sera disponible.<br \/>5 place Jeanne Ramels Cals \u00e0 Cordes sur Ciel<br \/>T\u00e9l : 05 63 57 13 62\u00a0\u00a0 Ouvert du lundi au samedi de 9h \u00e0 19h<\/p>\t\t\t\t\t\t\t\t<\/div>\n\t\t\t\t<\/div>\n\t\t\t\t\t<\/div>\n\t\t<\/div>\n\t\t\t\t<div class=\"elementor-column elementor-col-50 elementor-inner-column elementor-element elementor-element-be4ffd3\" data-id=\"be4ffd3\" data-element_type=\"column\">\n\t\t\t<div class=\"elementor-widget-wrap\">\n\t\t\t\t\t\t\t<\/div>\n\t\t<\/div>\n\t\t\t\t\t<\/div>\n\t\t<\/section>\n\t\t\t\t<div class=\"elementor-element elementor-element-5716238 elementor-widget elementor-widget-text-editor\" data-id=\"5716238\" data-element_type=\"widget\" data-widget_type=\"text-editor.default\">\n\t\t\t\t<div class=\"elementor-widget-container\">\n\t\t\t\t\t\t\t\t\t<h5><strong>Vid\u00e9o de pr\u00e9sentation du CEP<\/strong><\/h5><p><div style=\"width: 840px;\" class=\"wp-video\"><!--[if lt IE 9]><script>document.createElement('video');<\/script><![endif]-->\n<video class=\"wp-video-shortcode\" id=\"video-12-1\" width=\"840\" height=\"473\" preload=\"metadata\" controls=\"controls\"><source type=\"video\/mp4\" src=\"http:\/\/monnaielocale-cep.org\/wp-content\/uploads\/2020\/08\/VideoCEP.mp4?_=1\" \/><a href=\"http:\/\/monnaielocale-cep.org\/wp-content\/uploads\/2020\/08\/VideoCEP.mp4\">http:\/\/monnaielocale-cep.org\/wp-content\/uploads\/2020\/08\/VideoCEP.mp4<\/a><\/video><\/div><\/p><p style=\"text-align: left;\"><span style=\"color: #3366ff;\">vid\u00e9o r\u00e9alis\u00e9e par <span style=\"font-family: arial narrow, sans-serif;\">Matis LEGGIADRO\u00a0 <a href=\"http:\/\/www.histalm.com\" target=\"_blank\" rel=\"noopener\">(son site)<\/a><\/span><\/span><\/p>\t\t\t\t\t\t\t\t<\/div>\n\t\t\t\t<\/div>\n\t\t\t\t<div class=\"elementor-element elementor-element-2000ff8d elementor-widget elementor-widget-text-editor\" data-id=\"2000ff8d\" data-element_type=\"widget\" data-widget_type=\"text-editor.default\">\n\t\t\t\t<div class=\"elementor-widget-container\">\n\t\t\t\t\t\t\t\t\t<p style=\"padding-left: 40px;\"><span style=\"color: #008000;\">Au CEP Citoyen<\/span>\u00a0\u00a0\u00a0\u00a0 <img fetchpriority=\"high\" decoding=\"async\" class=\"size-medium wp-image-241 alignright\" src=\"http:\/\/monnaielocale-cep.org\/wp-content\/uploads\/2018\/04\/main_cep-300x279.png\" alt=\"\" width=\"300\" height=\"279\" srcset=\"http:\/\/monnaielocale-cep.org\/wp-content\/uploads\/2018\/04\/main_cep-300x279.png 300w, http:\/\/monnaielocale-cep.org\/wp-content\/uploads\/2018\/04\/main_cep.png 421w\" sizes=\"(max-width: 300px) 85vw, 300px\" \/><\/p><hr \/><p style=\"padding-left: 80px;\"><span style=\"color: #008000;\">Le CEP c&rsquo;est :<\/span><strong><br \/>Pour dynamiser l\u2019\u00e9conomie locale sur notre territoire<\/strong><strong><br \/>Pour favoriser les\u00a0 producteurs et les commerces locaux<\/strong><strong><br \/>Pour \u00e9chapper \u00e0 la grande distribution et \u00e0 la sp\u00e9culation<\/strong><strong> <br \/>Pour consommer et \u00e9changer autrement<\/strong><\/p><p>\u2794 Que vous soyez producteur, artisan, commer\u00e7ant, entrepreneur, &#8230; ou particulier<br \/>\u2794 Que vous habitiez\u00a0\u00a0\u00a0\u00a0\u00a0\u00a0\u00a0\u00a0 <img decoding=\"async\" class=\"alignnone size-medium wp-image-188\" src=\"http:\/\/monnaielocale-cep.org\/wp-content\/uploads\/2018\/01\/geo_ville-300x197.png\" alt=\"\" width=\"300\" height=\"197\" srcset=\"http:\/\/monnaielocale-cep.org\/wp-content\/uploads\/2018\/01\/geo_ville-300x197.png 300w, http:\/\/monnaielocale-cep.org\/wp-content\/uploads\/2018\/01\/geo_ville.png 310w\" sizes=\"(max-width: 300px) 85vw, 300px\" \/><\/p><h6><span style=\"color: #008000;\"><strong>PARTICIPEZ AU SUCC\u00c8S DE LA MONNAIE LOCALE<\/strong><\/span><\/h6><p>\u27a2 Adh\u00e9rez \u00e0 l\u2019association le CEP et faites du CEP <strong>votre monnaie<\/strong> compl\u00e9mentaire et citoyenne<br \/>\u27a2 Devenez une personne ou \u00e9quipe relais dans votre ville ou votre village&#8230;<\/p><p style=\"padding-left: 30px;\">Vos contacts : 12 impasse de la Vaysse 81170 Cordes sur ciel<br \/>T\u00e9l: \u00a0\u00a0\u00a0\u00a0\u00a0 05 63 81 85 38<\/p><p>Courriel\u00a0:<span style=\"color: #0000ff;\"> contact@monnaielocale-cep.org<\/span><\/p><p><span style=\"color: #000080;\"><strong><em>Ce site est en devenir, il va s&rsquo;\u00e9toffer au fur et \u00e0 mesure<\/em><\/strong><\/span><\/p>\t\t\t\t\t\t\t\t<\/div>\n\t\t\t\t<\/div>\n\t\t\t\t\t<\/div>\n\t\t<\/div>\n\t\t\t\t\t<\/div>\n\t\t<\/section>\n\t\t\t\t<section class=\"elementor-section elementor-top-section elementor-element elementor-element-9fe4326 elementor-section-boxed elementor-section-height-default elementor-section-height-default\" data-id=\"9fe4326\" data-element_type=\"section\">\n\t\t\t\t\t\t<div class=\"elementor-container elementor-column-gap-default\">\n\t\t\t\t\t<div class=\"elementor-column elementor-col-100 elementor-top-column elementor-element elementor-element-b0be831\" data-id=\"b0be831\" data-element_type=\"column\">\n\t\t\t<div class=\"elementor-widget-wrap elementor-element-populated\">\n\t\t\t\t\t\t<section class=\"elementor-section elementor-inner-section elementor-element elementor-element-4c703e4 elementor-section-boxed elementor-section-height-default elementor-section-height-default\" data-id=\"4c703e4\" data-element_type=\"section\">\n\t\t\t\t\t\t<div class=\"elementor-container elementor-column-gap-default\">\n\t\t\t\t\t<div class=\"elementor-column elementor-col-50 elementor-inner-column elementor-element elementor-element-38396bc\" data-id=\"38396bc\" data-element_type=\"column\">\n\t\t\t<div class=\"elementor-widget-wrap elementor-element-populated\">\n\t\t\t\t\t\t<div class=\"elementor-element elementor-element-78211ef elementor-widget elementor-widget-text-editor\" data-id=\"78211ef\" data-element_type=\"widget\" data-widget_type=\"text-editor.default\">\n\t\t\t\t<div class=\"elementor-widget-container\">\n\t\t\t\t\t\t\t\t\t<p><br \/>\u00ab\u00a0Ma\u00eetre toile d\u2019araign\u00e9e\u00a0\u00bb (webmaster) : <strong>ASSOCIATION LE CEP\u00a0<\/strong><\/p>\t\t\t\t\t\t\t\t<\/div>\n\t\t\t\t<\/div>\n\t\t\t\t\t<\/div>\n\t\t<\/div>\n\t\t\t\t<div class=\"elementor-column elementor-col-50 elementor-inner-column elementor-element elementor-element-cc53d01\" data-id=\"cc53d01\" data-element_type=\"column\">\n\t\t\t<div class=\"elementor-widget-wrap elementor-element-populated\">\n\t\t\t\t\t\t<div class=\"elementor-element elementor-element-453606e elementor-widget elementor-widget-image\" data-id=\"453606e\" data-element_type=\"widget\" data-widget_type=\"image.default\">\n\t\t\t\t<div class=\"elementor-widget-container\">\n\t\t\t\t\t\t\t\t\t\t\t\t\t\t\t<img decoding=\"async\" width=\"80\" height=\"80\" src=\"http:\/\/monnaielocale-cep.org\/wp-content\/uploads\/2017\/05\/LOGO-CEP-80.jpg\" class=\"attachment-large size-large wp-image-109\" alt=\"\" \/>\t\t\t\t\t\t\t\t\t\t\t\t\t\t\t<\/div>\n\t\t\t\t<\/div>\n\t\t\t\t\t<\/div>\n\t\t<\/div>\n\t\t\t\t\t<\/div>\n\t\t<\/section>\n\t\t\t\t\t<\/div>\n\t\t<\/div>\n\t\t\t\t\t<\/div>\n\t\t<\/section>\n\t\t\t\t<\/div>\n\t\t","protected":false},"excerpt":{"rendered":"<p>Natur&rsquo;ailes vend sur les march\u00e9s des boissons ferment\u00e9s non alcoolis\u00e9es : K\u00e9firs de fruits notamment sur le march\u00e9 de Cordes le samedi matin ; les CEPs sont accept\u00e9s. Le Panier Naturel (boutique bio) a rouvert ses portes avec une nouvelle \u00e9quipe. Dans le continuit\u00e9 les CEPs sont accept\u00e9s et le comptoir d&rsquo;\u00e9change sera disponible. 5 &hellip; <a href=\"http:\/\/monnaielocale-cep.org\/\" class=\"more-link\">Continuer la lecture<span class=\"screen-reader-text\"> de &laquo;&nbsp;Le CEP : Votre Monnaie&nbsp;&raquo;<\/span><\/a><\/p>\n","protected":false},"author":1,"featured_media":0,"parent":0,"menu_order":0,"comment_status":"closed","ping_status":"closed","template":"","meta":{"footnotes":""},"class_list":["post-12","page","type-page","status-publish","hentry"],"_links":{"self":[{"href":"http:\/\/monnaielocale-cep.org\/index.php?rest_route=\/wp\/v2\/pages\/12","targetHints":{"allow":["GET"]}}],"collection":[{"href":"http:\/\/monnaielocale-cep.org\/index.php?rest_route=\/wp\/v2\/pages"}],"about":[{"href":"http:\/\/monnaielocale-cep.org\/index.php?rest_route=\/wp\/v2\/types\/page"}],"author":[{"embeddable":true,"href":"http:\/\/monnaielocale-cep.org\/index.php?rest_route=\/wp\/v2\/users\/1"}],"replies":[{"embeddable":true,"href":"http:\/\/monnaielocale-cep.org\/index.php?rest_route=%2Fwp%2Fv2%2Fcomments&post=12"}],"version-history":[{"count":93,"href":"http:\/\/monnaielocale-cep.org\/index.php?rest_route=\/wp\/v2\/pages\/12\/revisions"}],"predecessor-version":[{"id":622,"href":"http:\/\/monnaielocale-cep.org\/index.php?rest_route=\/wp\/v2\/pages\/12\/revisions\/622"}],"wp:attachment":[{"href":"http:\/\/monnaielocale-cep.org\/index.php?rest_route=%2Fwp%2Fv2%2Fmedia&parent=12"}],"curies":[{"name":"wp","href":"https:\/\/api.w.org\/{rel}","templated":true}]}}